{"id":404,"date":"2022-03-01T21:13:13","date_gmt":"2022-03-01T20:13:13","guid":{"rendered":"http:\/\/cabaretwallon.be\/?page_id=404"},"modified":"2025-12-19T13:08:53","modified_gmt":"2025-12-19T12:08:53","slug":"historique","status":"publish","type":"page","link":"https:\/\/cabaretwallon.be\/index.php\/historique\/","title":{"rendered":"Pr\u00e9sentation"},"content":{"rendered":"\t\t<div data-elementor-type=\"wp-page\" data-elementor-id=\"404\" class=\"elementor elementor-404\">\n\t\t\t\t\t\t<section class=\"elementor-section elementor-top-section elementor-element elementor-element-1ac1e327 elementor-section-boxed elementor-section-height-default elementor-section-height-default\" data-id=\"1ac1e327\" data-element_type=\"section\" data-e-type=\"section\">\n\t\t\t\t\t\t<div class=\"elementor-container elementor-column-gap-default\">\n\t\t\t\t\t<div class=\"elementor-column elementor-col-100 elementor-top-column elementor-element elementor-element-50166a2e\" data-id=\"50166a2e\" data-element_type=\"column\" data-e-type=\"column\">\n\t\t\t<div class=\"elementor-widget-wrap elementor-element-populated\">\n\t\t\t\t\t\t\t<\/div>\n\t\t<\/div>\n\t\t\t\t\t<\/div>\n\t\t<\/section>\n\t\t\t\t<section class=\"elementor-section elementor-top-section elementor-element elementor-element-df51197 elementor-section-boxed elementor-section-height-default elementor-section-height-default\" data-id=\"df51197\" data-element_type=\"section\" data-e-type=\"section\">\n\t\t\t\t\t\t<div class=\"elementor-container elementor-column-gap-default\">\n\t\t\t\t\t<div class=\"elementor-column elementor-col-100 elementor-top-column elementor-element elementor-element-9213bca\" data-id=\"9213bca\" data-element_type=\"column\" data-e-type=\"column\">\n\t\t\t<div class=\"elementor-widget-wrap elementor-element-populated\">\n\t\t\t\t\t\t<section class=\"elementor-section elementor-inner-section elementor-element elementor-element-fdec2f6 elementor-section-boxed elementor-section-height-default elementor-section-height-default\" data-id=\"fdec2f6\" data-element_type=\"section\" data-e-type=\"section\">\n\t\t\t\t\t\t<div class=\"elementor-container elementor-column-gap-default\">\n\t\t\t\t\t<div class=\"elementor-column elementor-col-50 elementor-inner-column elementor-element elementor-element-da21956\" data-id=\"da21956\" data-element_type=\"column\" data-e-type=\"column\">\n\t\t\t<div class=\"elementor-widget-wrap elementor-element-populated\">\n\t\t\t\t\t\t<div class=\"elementor-element elementor-element-ce9b4a3 elementor-widget elementor-widget-text-editor\" data-id=\"ce9b4a3\" data-element_type=\"widget\" data-e-type=\"widget\" data-widget_type=\"text-editor.default\">\n\t\t\t\t<div class=\"elementor-widget-container\">\n\t\t\t\t\t\t\t\t\t<p>Soci\u00e9t\u00e9 litt\u00e9raire et philanthropique d&rsquo;expression picarde, le Cabaret est n\u00e9 le 27 d\u00e9cembre 1907 au cours d&rsquo;une r\u00e9union de la Jeune Garde Wallonne fond\u00e9e le 19 juin de la m\u00eame ann\u00e9e \u00e0 l&rsquo;initiative de Walter Ravez alors jeune avocat et futur haut magistrat. Cette r\u00e9union m\u00e9morable eut lieu au Caf\u00e9 de l&rsquo;Acad\u00e9mie aujourd&rsquo;hui Ecu de France.<\/p>\t\t\t\t\t\t\t\t<\/div>\n\t\t\t\t<\/div>\n\t\t\t\t\t<\/div>\n\t\t<\/div>\n\t\t\t\t<div class=\"elementor-column elementor-col-50 elementor-inner-column elementor-element elementor-element-66b5b08\" data-id=\"66b5b08\" data-element_type=\"column\" data-e-type=\"column\">\n\t\t\t<div class=\"elementor-widget-wrap elementor-element-populated\">\n\t\t\t\t\t\t<div class=\"elementor-element elementor-element-199842c elementor-widget elementor-widget-image\" data-id=\"199842c\" data-element_type=\"widget\" data-e-type=\"widget\" data-widget_type=\"image.default\">\n\t\t\t\t<div class=\"elementor-widget-container\">\n\t\t\t\t\t\t\t\t\t\t\t\t<figure class=\"wp-caption\">\n\t\t\t\t\t\t\t\t\t\t<img fetchpriority=\"high\" decoding=\"async\" width=\"1024\" height=\"512\" src=\"https:\/\/cabaretwallon.be\/wp-content\/uploads\/2022\/03\/5e6bb546d8ad582f31753f86-1024x512.webp\" class=\"attachment-large size-large wp-image-502\" alt=\"\" srcset=\"https:\/\/cabaretwallon.be\/wp-content\/uploads\/2022\/03\/5e6bb546d8ad582f31753f86-1024x512.webp 1024w, https:\/\/cabaretwallon.be\/wp-content\/uploads\/2022\/03\/5e6bb546d8ad582f31753f86-300x150.webp 300w, https:\/\/cabaretwallon.be\/wp-content\/uploads\/2022\/03\/5e6bb546d8ad582f31753f86-768x384.webp 768w, https:\/\/cabaretwallon.be\/wp-content\/uploads\/2022\/03\/5e6bb546d8ad582f31753f86-1536x768.webp 1536w, https:\/\/cabaretwallon.be\/wp-content\/uploads\/2022\/03\/5e6bb546d8ad582f31753f86.webp 1920w\" sizes=\"(max-width: 1024px) 100vw, 1024px\" \/>\t\t\t\t\t\t\t\t\t\t\t<figcaption class=\"widget-image-caption wp-caption-text\">Photo prise au Pont des Trous avant sa d\u00e9construction<\/figcaption>\n\t\t\t\t\t\t\t\t\t\t<\/figure>\n\t\t\t\t\t\t\t\t\t<\/div>\n\t\t\t\t<\/div>\n\t\t\t\t\t<\/div>\n\t\t<\/div>\n\t\t\t\t\t<\/div>\n\t\t<\/section>\n\t\t\t\t\t<\/div>\n\t\t<\/div>\n\t\t\t\t\t<\/div>\n\t\t<\/section>\n\t\t\t\t<section class=\"elementor-section elementor-top-section elementor-element elementor-element-b0d1839 elementor-section-boxed elementor-section-height-default elementor-section-height-default\" data-id=\"b0d1839\" data-element_type=\"section\" data-e-type=\"section\">\n\t\t\t\t\t\t<div class=\"elementor-container elementor-column-gap-default\">\n\t\t\t\t\t<div class=\"elementor-column elementor-col-50 elementor-top-column elementor-element elementor-element-c7db47b\" data-id=\"c7db47b\" data-element_type=\"column\" data-e-type=\"column\">\n\t\t\t<div class=\"elementor-widget-wrap elementor-element-populated\">\n\t\t\t\t\t\t<div class=\"elementor-element elementor-element-6f53006 elementor-widget elementor-widget-image\" data-id=\"6f53006\" data-element_type=\"widget\" data-e-type=\"widget\" data-widget_type=\"image.default\">\n\t\t\t\t<div class=\"elementor-widget-container\">\n\t\t\t\t\t\t\t\t\t\t\t\t\t\t\t<img decoding=\"async\" width=\"223\" height=\"226\" src=\"https:\/\/cabaretwallon.be\/wp-content\/uploads\/2021\/11\/download.jpg\" class=\"attachment-large size-large wp-image-11\" alt=\"\" \/>\t\t\t\t\t\t\t\t\t\t\t\t\t\t\t<\/div>\n\t\t\t\t<\/div>\n\t\t\t\t\t<\/div>\n\t\t<\/div>\n\t\t\t\t<div class=\"elementor-column elementor-col-50 elementor-top-column elementor-element elementor-element-a0e413a\" data-id=\"a0e413a\" data-element_type=\"column\" data-e-type=\"column\">\n\t\t\t<div class=\"elementor-widget-wrap elementor-element-populated\">\n\t\t\t\t\t\t<div class=\"elementor-element elementor-element-0b7b89e elementor-widget elementor-widget-text-editor\" data-id=\"0b7b89e\" data-element_type=\"widget\" data-e-type=\"widget\" data-widget_type=\"text-editor.default\">\n\t\t\t\t<div class=\"elementor-widget-container\">\n\t\t\t\t\t\t\t\t\t<p style=\"color: #2b2929; font-family: Helvetica, sans-serif;\">La Compagnie donnera son premier Petit Cabaret le 25 mai 1908 au Grand Caf\u00e9, au num\u00e9ro 63 de la Grand Place, b\u00e2timent occup\u00e9 aujourd&rsquo;hui par un opticien.<\/p><p style=\"margin-bottom: 16px; color: #2b2929; font-family: Helvetica, sans-serif;\">Depuis lors la vie du Cabaret s&rsquo;articule immuablement autour de quelques r\u00e8gles simples : les chansonniers forment une confr\u00e9rie originale par son style d&rsquo;expression, mais \u00e9galement par l&rsquo;amiti\u00e9 sans faille qui unit tous ses membres. La neutralit\u00e9 philosophique et politique y est de rigueur. Tous \u0153uvrent de fa\u00e7on tout \u00e0 fait b\u00e9n\u00e9vole \u00e0 la d\u00e9fense et la promotion du picard tournaisien \u00e0 travers une abondante production litt\u00e9raire.<\/p>\t\t\t\t\t\t\t\t<\/div>\n\t\t\t\t<\/div>\n\t\t\t\t\t<\/div>\n\t\t<\/div>\n\t\t\t\t\t<\/div>\n\t\t<\/section>\n\t\t\t\t<section class=\"elementor-section elementor-top-section elementor-element elementor-element-9486ea7 elementor-section-boxed elementor-section-height-default elementor-section-height-default\" data-id=\"9486ea7\" data-element_type=\"section\" data-e-type=\"section\">\n\t\t\t\t\t\t<div class=\"elementor-container elementor-column-gap-default\">\n\t\t\t\t\t<div class=\"elementor-column elementor-col-50 elementor-top-column elementor-element elementor-element-d3f555d\" data-id=\"d3f555d\" data-element_type=\"column\" data-e-type=\"column\">\n\t\t\t<div class=\"elementor-widget-wrap elementor-element-populated\">\n\t\t\t\t\t\t<div class=\"elementor-element elementor-element-a7af2d3 elementor-widget elementor-widget-text-editor\" data-id=\"a7af2d3\" data-element_type=\"widget\" data-e-type=\"widget\" data-widget_type=\"text-editor.default\">\n\t\t\t\t<div class=\"elementor-widget-container\">\n\t\t\t\t\t\t\t\t\t<p style=\"color: #2b2929; font-family: Helvetica, sans-serif;\">Chansons, monologues et po\u00e8mes sont inscrits au programme de deux cycles de petits cabarets donn\u00e9s \u00e0 la Halle aux Draps en janvier et en mars de chaque ann\u00e9e.<\/p>\n<p style=\"color: #2b2929; font-family: Helvetica, sans-serif;\">Par souci de tradition, la premi\u00e8re s\u00e9ance des petits cabarets commence par une repr\u00e9sentation uniquement r\u00e9serv\u00e9e aux repr\u00e9sentants du sexe masculin. Cette r\u00e8gle ne souffre aucune d\u00e9rogation et s&rsquo;explique par le fait qu&rsquo;en 1907 seuls les hommes fr\u00e9quentaient les cabarets. M\u00eame si les temps ont chang\u00e9, la Royale compagnie entend garder jalousement cette tradition. Les autres repr\u00e9sentations sont mixtes.<\/p>\n<p style=\"color: #2b2929; font-family: Helvetica, sans-serif;\">\n<\/p>\t\t\t\t\t\t\t\t<\/div>\n\t\t\t\t<\/div>\n\t\t\t\t\t<\/div>\n\t\t<\/div>\n\t\t\t\t<div class=\"elementor-column elementor-col-50 elementor-top-column elementor-element elementor-element-ac8b5dd\" data-id=\"ac8b5dd\" data-element_type=\"column\" data-e-type=\"column\">\n\t\t\t<div class=\"elementor-widget-wrap elementor-element-populated\">\n\t\t\t\t\t\t<div class=\"elementor-element elementor-element-ef12170 elementor-widget elementor-widget-image\" data-id=\"ef12170\" data-element_type=\"widget\" data-e-type=\"widget\" data-widget_type=\"image.default\">\n\t\t\t\t<div class=\"elementor-widget-container\">\n\t\t\t\t\t\t\t\t\t\t\t\t<figure class=\"wp-caption\">\n\t\t\t\t\t\t\t\t\t\t<img decoding=\"async\" width=\"1024\" height=\"575\" src=\"https:\/\/cabaretwallon.be\/wp-content\/uploads\/2022\/03\/B9718043374Z.1_20181224152001_000GNSCLTT2A.2-0-1024x575.jpg\" class=\"attachment-large size-large wp-image-505\" alt=\"\" srcset=\"https:\/\/cabaretwallon.be\/wp-content\/uploads\/2022\/03\/B9718043374Z.1_20181224152001_000GNSCLTT2A.2-0-1024x575.jpg 1024w, https:\/\/cabaretwallon.be\/wp-content\/uploads\/2022\/03\/B9718043374Z.1_20181224152001_000GNSCLTT2A.2-0-300x169.jpg 300w, https:\/\/cabaretwallon.be\/wp-content\/uploads\/2022\/03\/B9718043374Z.1_20181224152001_000GNSCLTT2A.2-0-768x431.jpg 768w, https:\/\/cabaretwallon.be\/wp-content\/uploads\/2022\/03\/B9718043374Z.1_20181224152001_000GNSCLTT2A.2-0.jpg 1351w\" sizes=\"(max-width: 1024px) 100vw, 1024px\" \/>\t\t\t\t\t\t\t\t\t\t\t<figcaption class=\"widget-image-caption wp-caption-text\">Le comit\u00e9 en 2018<\/figcaption>\n\t\t\t\t\t\t\t\t\t\t<\/figure>\n\t\t\t\t\t\t\t\t\t<\/div>\n\t\t\t\t<\/div>\n\t\t\t\t\t<\/div>\n\t\t<\/div>\n\t\t\t\t\t<\/div>\n\t\t<\/section>\n\t\t\t\t<section class=\"elementor-section elementor-top-section elementor-element elementor-element-8610b5c elementor-section-boxed elementor-section-height-default elementor-section-height-default\" data-id=\"8610b5c\" data-element_type=\"section\" data-e-type=\"section\">\n\t\t\t\t\t\t<div class=\"elementor-container elementor-column-gap-default\">\n\t\t\t\t\t<div class=\"elementor-column elementor-col-50 elementor-top-column elementor-element elementor-element-0567d04\" data-id=\"0567d04\" data-element_type=\"column\" data-e-type=\"column\">\n\t\t\t<div class=\"elementor-widget-wrap elementor-element-populated\">\n\t\t\t\t\t\t<div class=\"elementor-element elementor-element-e2d16d1 elementor-widget elementor-widget-image\" data-id=\"e2d16d1\" data-element_type=\"widget\" data-e-type=\"widget\" data-widget_type=\"image.default\">\n\t\t\t\t<div class=\"elementor-widget-container\">\n\t\t\t\t\t\t\t\t\t\t\t\t<figure class=\"wp-caption\">\n\t\t\t\t\t\t\t\t\t\t<img loading=\"lazy\" decoding=\"async\" width=\"1024\" height=\"575\" src=\"https:\/\/cabaretwallon.be\/wp-content\/uploads\/2022\/03\/B9715136837Z.1_20180321165438_000GA3AUE19J.1-0-1024x575.jpg\" class=\"attachment-large size-large wp-image-504\" alt=\"\" srcset=\"https:\/\/cabaretwallon.be\/wp-content\/uploads\/2022\/03\/B9715136837Z.1_20180321165438_000GA3AUE19J.1-0-1024x575.jpg 1024w, https:\/\/cabaretwallon.be\/wp-content\/uploads\/2022\/03\/B9715136837Z.1_20180321165438_000GA3AUE19J.1-0-300x169.jpg 300w, https:\/\/cabaretwallon.be\/wp-content\/uploads\/2022\/03\/B9715136837Z.1_20180321165438_000GA3AUE19J.1-0-768x431.jpg 768w, https:\/\/cabaretwallon.be\/wp-content\/uploads\/2022\/03\/B9715136837Z.1_20180321165438_000GA3AUE19J.1-0.jpg 1351w\" sizes=\"(max-width: 1024px) 100vw, 1024px\" \/>\t\t\t\t\t\t\t\t\t\t\t<figcaption class=\"widget-image-caption wp-caption-text\">Un petit cabaret en la Halle aux Draps<\/figcaption>\n\t\t\t\t\t\t\t\t\t\t<\/figure>\n\t\t\t\t\t\t\t\t\t<\/div>\n\t\t\t\t<\/div>\n\t\t\t\t\t<\/div>\n\t\t<\/div>\n\t\t\t\t<div class=\"elementor-column elementor-col-50 elementor-top-column elementor-element elementor-element-e0b466c\" data-id=\"e0b466c\" data-element_type=\"column\" data-e-type=\"column\">\n\t\t\t<div class=\"elementor-widget-wrap elementor-element-populated\">\n\t\t\t\t\t\t<div class=\"elementor-element elementor-element-3a1b841 elementor-widget elementor-widget-text-editor\" data-id=\"3a1b841\" data-element_type=\"widget\" data-e-type=\"widget\" data-widget_type=\"text-editor.default\">\n\t\t\t\t<div class=\"elementor-widget-container\">\n\t\t\t\t\t\t\t\t\t<p style=\"color: #2b2929; font-family: Helvetica, sans-serif;\">De 1948 \u00e0 1982, la Royale Compagnie a compos\u00e9 et jou\u00e9 29 revues. Ces spectacles connurent un succ\u00e8s grandissant d\u00fb aux talents conjugu\u00e9s d&rsquo;Anselme Dachy pour la musique, d&rsquo;Albert Coens et Eloi Baudimont pour les textes et la mise en sc\u00e8ne.\u00a0Voici plus de trente ans qu&rsquo;ont disparu de l&rsquo;affiche ces spectacles hauts en couleurs et en saveurs qui \u00e9taient toujours tr\u00e8s attendus par un nombreux public.<\/p><p style=\"margin-bottom: 16px; color: #2b2929; font-family: Helvetica, sans-serif;\">\u00a0<\/p>\t\t\t\t\t\t\t\t<\/div>\n\t\t\t\t<\/div>\n\t\t\t\t\t<\/div>\n\t\t<\/div>\n\t\t\t\t\t<\/div>\n\t\t<\/section>\n\t\t\t\t<section class=\"elementor-section elementor-top-section elementor-element elementor-element-5346674 elementor-section-boxed elementor-section-height-default elementor-section-height-default\" data-id=\"5346674\" data-element_type=\"section\" data-e-type=\"section\">\n\t\t\t\t\t\t<div class=\"elementor-container elementor-column-gap-default\">\n\t\t\t\t\t<div class=\"elementor-column elementor-col-50 elementor-top-column elementor-element elementor-element-5de5a35\" data-id=\"5de5a35\" data-element_type=\"column\" data-e-type=\"column\">\n\t\t\t<div class=\"elementor-widget-wrap elementor-element-populated\">\n\t\t\t\t\t\t<div class=\"elementor-element elementor-element-8937fae elementor-widget elementor-widget-text-editor\" data-id=\"8937fae\" data-element_type=\"widget\" data-e-type=\"widget\" data-widget_type=\"text-editor.default\">\n\t\t\t\t<div class=\"elementor-widget-container\">\n\t\t\t\t\t\t\t\t\t<p style=\"color: #2b2929; font-family: Helvetica, sans-serif;\">La Compagnie est \u00e9galement une association \u00e0 but philanthropique. Chaque ann\u00e9e, elle se produit dans les maisons de repos pour \u00e9gayer les plus anciens. Elle r\u00e9pond \u00e9galement \u00e0 l&rsquo;appel de diverses associations humanitaires.<\/p><p style=\"margin-bottom: 16px; color: #2b2929; font-family: Helvetica, sans-serif;\">La Royale Compagnie s&rsquo;efforce \u00e9galement de promouvoir la litt\u00e9rature d&rsquo;expression picarde en organisant chaque ann\u00e9e le concours Prayez fond\u00e9 en 1927 en hommage \u00e0 un de ses plus illustres fondateurs. Ce concours v\u00e9ritable \u00ab\u00a0vivier\u00a0\u00bb d&rsquo;o\u00f9 sont issus bon nombre de nos chansonniers en sera en 2023 \u00e0 sa 91\u00e8me \u00e9dition.<\/p>\t\t\t\t\t\t\t\t<\/div>\n\t\t\t\t<\/div>\n\t\t\t\t\t<\/div>\n\t\t<\/div>\n\t\t\t\t<div class=\"elementor-column elementor-col-50 elementor-top-column elementor-element elementor-element-6a6714c\" data-id=\"6a6714c\" data-element_type=\"column\" data-e-type=\"column\">\n\t\t\t<div class=\"elementor-widget-wrap elementor-element-populated\">\n\t\t\t\t\t\t<div class=\"elementor-element elementor-element-e99edaa elementor-widget elementor-widget-image\" data-id=\"e99edaa\" data-element_type=\"widget\" data-e-type=\"widget\" data-widget_type=\"image.default\">\n\t\t\t\t<div class=\"elementor-widget-container\">\n\t\t\t\t\t\t\t\t\t\t\t\t\t\t\t<img loading=\"lazy\" decoding=\"async\" width=\"600\" height=\"411\" src=\"https:\/\/cabaretwallon.be\/wp-content\/uploads\/2022\/03\/991b9cc8-30d7-11eb-8dc4-f391a381544e_web_translate_-23.0833_-10.10773_scale_0.3564442_0.3564443.jpg\" class=\"attachment-large size-large wp-image-503\" alt=\"\" srcset=\"https:\/\/cabaretwallon.be\/wp-content\/uploads\/2022\/03\/991b9cc8-30d7-11eb-8dc4-f391a381544e_web_translate_-23.0833_-10.10773_scale_0.3564442_0.3564443.jpg 600w, https:\/\/cabaretwallon.be\/wp-content\/uploads\/2022\/03\/991b9cc8-30d7-11eb-8dc4-f391a381544e_web_translate_-23.0833_-10.10773_scale_0.3564442_0.3564443-300x206.jpg 300w\" sizes=\"(max-width: 600px) 100vw, 600px\" \/>\t\t\t\t\t\t\t\t\t\t\t\t\t\t\t<\/div>\n\t\t\t\t<\/div>\n\t\t\t\t\t<\/div>\n\t\t<\/div>\n\t\t\t\t\t<\/div>\n\t\t<\/section>\n\t\t\t\t<section class=\"elementor-section elementor-top-section elementor-element elementor-element-78a616c elementor-section-boxed elementor-section-height-default elementor-section-height-default\" data-id=\"78a616c\" data-element_type=\"section\" data-e-type=\"section\">\n\t\t\t\t\t\t<div class=\"elementor-container elementor-column-gap-default\">\n\t\t\t\t\t<div class=\"elementor-column elementor-col-50 elementor-top-column elementor-element elementor-element-f71e360\" data-id=\"f71e360\" data-element_type=\"column\" data-e-type=\"column\">\n\t\t\t<div class=\"elementor-widget-wrap elementor-element-populated\">\n\t\t\t\t\t\t<div class=\"elementor-element elementor-element-46de809 elementor-widget__width-initial elementor-widget elementor-widget-image\" data-id=\"46de809\" data-element_type=\"widget\" data-e-type=\"widget\" data-widget_type=\"image.default\">\n\t\t\t\t<div class=\"elementor-widget-container\">\n\t\t\t\t\t\t\t\t\t\t\t\t\t\t\t<img loading=\"lazy\" decoding=\"async\" width=\"960\" height=\"392\" src=\"https:\/\/cabaretwallon.be\/wp-content\/uploads\/2025\/12\/photo-cabaret-mars-2025.jpg\" class=\"attachment-1536x1536 size-1536x1536 wp-image-1194\" alt=\"\" srcset=\"https:\/\/cabaretwallon.be\/wp-content\/uploads\/2025\/12\/photo-cabaret-mars-2025.jpg 960w, https:\/\/cabaretwallon.be\/wp-content\/uploads\/2025\/12\/photo-cabaret-mars-2025-300x123.jpg 300w, https:\/\/cabaretwallon.be\/wp-content\/uploads\/2025\/12\/photo-cabaret-mars-2025-768x314.jpg 768w\" sizes=\"(max-width: 960px) 100vw, 960px\" \/>\t\t\t\t\t\t\t\t\t\t\t\t\t\t\t<\/div>\n\t\t\t\t<\/div>\n\t\t\t\t\t<\/div>\n\t\t<\/div>\n\t\t\t\t<div class=\"elementor-column elementor-col-50 elementor-top-column elementor-element elementor-element-d493e2b\" data-id=\"d493e2b\" data-element_type=\"column\" data-e-type=\"column\">\n\t\t\t<div class=\"elementor-widget-wrap elementor-element-populated\">\n\t\t\t\t\t\t<div class=\"elementor-element elementor-element-b73f4b2 elementor-widget elementor-widget-text-editor\" data-id=\"b73f4b2\" data-element_type=\"widget\" data-e-type=\"widget\" data-widget_type=\"text-editor.default\">\n\t\t\t\t<div class=\"elementor-widget-container\">\n\t\t\t\t\t\t\t\t\t<p style=\"color: #2b2929; font-family: Helvetica, sans-serif;\">En 2025, le Cabaret a admis d\u00e9finitivement son 103\u00e8me membre !<br \/>Les chansonniers composent et chantent, pour le bonheur d&rsquo;un public de plus en plus nombreux, nombre d&rsquo;\u0153uvres originales o\u00f9 l&rsquo;actualit\u00e9, la po\u00e9sie, l&rsquo;amour du terroir, mais aussi bien s\u00fbr l&rsquo;humour et la verve satirique s&rsquo;expriment dans une ambiance absolument unique !<\/p><p style=\"color: #2b2929; font-family: Helvetica, sans-serif;\">Gardienne des traditions et fi\u00e8re de son glorieux pass\u00e9, la Royale compagnie reste fid\u00e8le \u00e0 son id\u00e9al. Fort de son exp\u00e9rience, elle est toujours jeune et dynamique.\u00a0<\/p>\t\t\t\t\t\t\t\t<\/div>\n\t\t\t\t<\/div>\n\t\t\t\t\t<\/div>\n\t\t<\/div>\n\t\t\t\t\t<\/div>\n\t\t<\/section>\n\t\t\t\t<\/div>\n\t\t","protected":false},"excerpt":{"rendered":"<p>Soci\u00e9t\u00e9 litt\u00e9raire et philanthropique d&rsquo;expression picarde, le Cabaret est n\u00e9 le 27 d\u00e9cembre 1907 au cours d&rsquo;une r\u00e9union de la Jeune Garde Wallonne fond\u00e9e le 19 juin de la m\u00eame ann\u00e9e \u00e0 l&rsquo;initiative de Walter Ravez alors jeune avocat et futur haut magistrat. Cette r\u00e9union m\u00e9morable eut lieu au Caf\u00e9 de l&rsquo;Acad\u00e9mie aujourd&rsquo;hui Ecu de&hellip; <br \/> <a class=\"read-more\" href=\"https:\/\/cabaretwallon.be\/index.php\/historique\/\">Read more<\/a><\/p>\n","protected":false},"author":1,"featured_media":0,"parent":0,"menu_order":0,"comment_status":"closed","ping_status":"closed","template":"","meta":{"_bbp_topic_count":0,"_bbp_reply_count":0,"_bbp_total_topic_count":0,"_bbp_total_reply_count":0,"_bbp_voice_count":0,"_bbp_anonymous_reply_count":0,"_bbp_topic_count_hidden":0,"_bbp_reply_count_hidden":0,"_bbp_forum_subforum_count":0,"footnotes":""},"class_list":["post-404","page","type-page","status-publish","hentry"],"_links":{"self":[{"href":"https:\/\/cabaretwallon.be\/index.php\/wp-json\/wp\/v2\/pages\/404","targetHints":{"allow":["GET"]}}],"collection":[{"href":"https:\/\/cabaretwallon.be\/index.php\/wp-json\/wp\/v2\/pages"}],"about":[{"href":"https:\/\/cabaretwallon.be\/index.php\/wp-json\/wp\/v2\/types\/page"}],"author":[{"embeddable":true,"href":"https:\/\/cabaretwallon.be\/index.php\/wp-json\/wp\/v2\/users\/1"}],"replies":[{"embeddable":true,"href":"https:\/\/cabaretwallon.be\/index.php\/wp-json\/wp\/v2\/comments?post=404"}],"version-history":[{"count":64,"href":"https:\/\/cabaretwallon.be\/index.php\/wp-json\/wp\/v2\/pages\/404\/revisions"}],"predecessor-version":[{"id":1198,"href":"https:\/\/cabaretwallon.be\/index.php\/wp-json\/wp\/v2\/pages\/404\/revisions\/1198"}],"wp:attachment":[{"href":"https:\/\/cabaretwallon.be\/index.php\/wp-json\/wp\/v2\/media?parent=404"}],"curies":[{"name":"wp","href":"https:\/\/api.w.org\/{rel}","templated":true}]}}