{"id":439,"date":"2022-03-10T17:41:11","date_gmt":"2022-03-10T16:41:11","guid":{"rendered":"https:\/\/cabaretwallon.be\/?page_id=439"},"modified":"2025-06-30T18:41:41","modified_gmt":"2025-06-30T16:41:41","slug":"prestations-philanthropiques","status":"publish","type":"page","link":"https:\/\/cabaretwallon.be\/index.php\/devenir-membre\/prestations-philanthropiques\/","title":{"rendered":"Prestations philanthropiques"},"content":{"rendered":"\t\t<div data-elementor-type=\"wp-page\" data-elementor-id=\"439\" class=\"elementor elementor-439\">\n\t\t\t\t\t\t<section class=\"elementor-section elementor-top-section elementor-element elementor-element-40bfc25 elementor-section-boxed elementor-section-height-default elementor-section-height-default\" data-id=\"40bfc25\" data-element_type=\"section\" data-e-type=\"section\">\n\t\t\t\t\t\t<div class=\"elementor-container elementor-column-gap-default\">\n\t\t\t\t\t<div class=\"elementor-column elementor-col-100 elementor-top-column elementor-element elementor-element-24db25b\" data-id=\"24db25b\" data-element_type=\"column\" data-e-type=\"column\">\n\t\t\t<div class=\"elementor-widget-wrap elementor-element-populated\">\n\t\t\t\t\t\t<section class=\"elementor-section elementor-inner-section elementor-element elementor-element-1414e2e elementor-section-boxed elementor-section-height-default elementor-section-height-default\" data-id=\"1414e2e\" data-element_type=\"section\" data-e-type=\"section\">\n\t\t\t\t\t\t<div class=\"elementor-container elementor-column-gap-default\">\n\t\t\t\t\t<div class=\"elementor-column elementor-col-50 elementor-inner-column elementor-element elementor-element-c00f7fe\" data-id=\"c00f7fe\" data-element_type=\"column\" data-e-type=\"column\">\n\t\t\t<div class=\"elementor-widget-wrap elementor-element-populated\">\n\t\t\t\t\t\t<div class=\"elementor-element elementor-element-c9c61b2 elementor-widget elementor-widget-image\" data-id=\"c9c61b2\" data-element_type=\"widget\" data-e-type=\"widget\" data-widget_type=\"image.default\">\n\t\t\t\t<div class=\"elementor-widget-container\">\n\t\t\t\t\t\t\t\t\t\t\t\t\t\t\t\t<a href=\"https:\/\/agir.vivaforlife.be\/\" target=\"_blank\">\n\t\t\t\t\t\t\t<img decoding=\"async\" width=\"150\" height=\"150\" src=\"https:\/\/cabaretwallon.be\/wp-content\/uploads\/2022\/03\/VFL16logo-vertical-150x150.png\" class=\"attachment-thumbnail size-thumbnail wp-image-483\" alt=\"\" srcset=\"https:\/\/cabaretwallon.be\/wp-content\/uploads\/2022\/03\/VFL16logo-vertical-150x150.png 150w, https:\/\/cabaretwallon.be\/wp-content\/uploads\/2022\/03\/VFL16logo-vertical-300x300.png 300w, https:\/\/cabaretwallon.be\/wp-content\/uploads\/2022\/03\/VFL16logo-vertical.png 570w\" sizes=\"(max-width: 150px) 100vw, 150px\" \/>\t\t\t\t\t\t\t\t<\/a>\n\t\t\t\t\t\t\t\t\t\t\t\t\t\t\t<\/div>\n\t\t\t\t<\/div>\n\t\t\t\t\t<\/div>\n\t\t<\/div>\n\t\t\t\t<div class=\"elementor-column elementor-col-50 elementor-inner-column elementor-element elementor-element-d6b3800\" data-id=\"d6b3800\" data-element_type=\"column\" data-e-type=\"column\">\n\t\t\t<div class=\"elementor-widget-wrap elementor-element-populated\">\n\t\t\t\t\t\t<div class=\"elementor-element elementor-element-96ad1b8 elementor-widget elementor-widget-text-editor\" data-id=\"96ad1b8\" data-element_type=\"widget\" data-e-type=\"widget\" data-widget_type=\"text-editor.default\">\n\t\t\t\t<div class=\"elementor-widget-container\">\n\t\t\t\t\t\t\t\t\t<p>Comme pour Viva For Life en 2021 et 2022, chaque ann\u00e9e nous participons sur demande \u00e0 un projet philanthropique. C&rsquo;est une cause qui tient \u00e0 coeur \u00e0 chacun des membres du Cabaret.<\/p>\t\t\t\t\t\t\t\t<\/div>\n\t\t\t\t<\/div>\n\t\t\t\t\t<\/div>\n\t\t<\/div>\n\t\t\t\t\t<\/div>\n\t\t<\/section>\n\t\t\t\t\t<\/div>\n\t\t<\/div>\n\t\t\t\t\t<\/div>\n\t\t<\/section>\n\t\t\t\t<\/div>\n\t\t","protected":false},"excerpt":{"rendered":"<p>Comme pour Viva For Life en 2021 et 2022, chaque ann\u00e9e nous participons sur demande \u00e0 un projet philanthropique. C&rsquo;est une cause qui tient \u00e0 coeur \u00e0 chacun des membres du Cabaret.<\/p>\n","protected":false},"author":1,"featured_media":0,"parent":94,"menu_order":0,"comment_status":"closed","ping_status":"closed","template":"","meta":{"_bbp_topic_count":0,"_bbp_reply_count":0,"_bbp_total_topic_count":0,"_bbp_total_reply_count":0,"_bbp_voice_count":0,"_bbp_anonymous_reply_count":0,"_bbp_topic_count_hidden":0,"_bbp_reply_count_hidden":0,"_bbp_forum_subforum_count":0,"footnotes":""},"class_list":["post-439","page","type-page","status-publish","hentry"],"_links":{"self":[{"href":"https:\/\/cabaretwallon.be\/index.php\/wp-json\/wp\/v2\/pages\/439","targetHints":{"allow":["GET"]}}],"collection":[{"href":"https:\/\/cabaretwallon.be\/index.php\/wp-json\/wp\/v2\/pages"}],"about":[{"href":"https:\/\/cabaretwallon.be\/index.php\/wp-json\/wp\/v2\/types\/page"}],"author":[{"embeddable":true,"href":"https:\/\/cabaretwallon.be\/index.php\/wp-json\/wp\/v2\/users\/1"}],"replies":[{"embeddable":true,"href":"https:\/\/cabaretwallon.be\/index.php\/wp-json\/wp\/v2\/comments?post=439"}],"version-history":[{"count":20,"href":"https:\/\/cabaretwallon.be\/index.php\/wp-json\/wp\/v2\/pages\/439\/revisions"}],"predecessor-version":[{"id":1162,"href":"https:\/\/cabaretwallon.be\/index.php\/wp-json\/wp\/v2\/pages\/439\/revisions\/1162"}],"up":[{"embeddable":true,"href":"https:\/\/cabaretwallon.be\/index.php\/wp-json\/wp\/v2\/pages\/94"}],"wp:attachment":[{"href":"https:\/\/cabaretwallon.be\/index.php\/wp-json\/wp\/v2\/media?parent=439"}],"curies":[{"name":"wp","href":"https:\/\/api.w.org\/{rel}","templated":true}]}}