{"id":443,"date":"2022-03-10T17:43:55","date_gmt":"2022-03-10T16:43:55","guid":{"rendered":"https:\/\/cabaretwallon.be\/?page_id=443"},"modified":"2022-03-11T17:20:39","modified_gmt":"2022-03-11T16:20:39","slug":"les-visites-des-homes","status":"publish","type":"page","link":"https:\/\/cabaretwallon.be\/index.php\/devenir-membre\/les-visites-des-homes\/","title":{"rendered":"Les visites des homes"},"content":{"rendered":"\t\t<div data-elementor-type=\"wp-page\" data-elementor-id=\"443\" class=\"elementor elementor-443\">\n\t\t\t\t\t\t<section class=\"elementor-section elementor-top-section elementor-element elementor-element-b4ef7f6 elementor-section-boxed elementor-section-height-default elementor-section-height-default\" data-id=\"b4ef7f6\" data-element_type=\"section\" data-e-type=\"section\">\n\t\t\t\t\t\t<div class=\"elementor-container elementor-column-gap-default\">\n\t\t\t\t\t<div class=\"elementor-column elementor-col-100 elementor-top-column elementor-element elementor-element-31f726f3\" data-id=\"31f726f3\" data-element_type=\"column\" data-e-type=\"column\">\n\t\t\t<div class=\"elementor-widget-wrap elementor-element-populated\">\n\t\t\t\t\t\t<div class=\"elementor-element elementor-element-7048eabc elementor-widget elementor-widget-text-editor\" data-id=\"7048eabc\" data-element_type=\"widget\" data-e-type=\"widget\" data-widget_type=\"text-editor.default\">\n\t\t\t\t<div class=\"elementor-widget-container\">\n\t\t\t\t\t\t\t\t\t<p>Le Covid est une p\u00e9riode difficile pour beaucoup d&rsquo;entre nous, la solitude s&rsquo;est tr\u00e8s fortement faite ressentir pour certains. C&rsquo;est la raison pour laquelle nous avons essay\u00e9 d&rsquo;\u00e9gayer la vie de nos a\u00een\u00e9s en organisant une tourn\u00e9e des homes du tournaisis. Ces moments de partages nous tiennent \u00e0 c\u0153ur et nous voulons continuer cette belle aventure en nous rendant plusieurs fois par an dans les maisons de repos.<\/p>\n<p>Vous aimeriez nous avoir dans votre institution? Rendez-vous sur l&rsquo;onglet <a href=\"https:\/\/cabaretwallon.be\/index.php\/contact\/\">contact<\/a> de ce site internet.<\/p>\t\t\t\t\t\t\t\t<\/div>\n\t\t\t\t<\/div>\n\t\t\t\t\t<\/div>\n\t\t<\/div>\n\t\t\t\t\t<\/div>\n\t\t<\/section>\n\t\t\t\t<\/div>\n\t\t","protected":false},"excerpt":{"rendered":"<p>Le Covid est une p\u00e9riode difficile pour beaucoup d&rsquo;entre nous, la solitude s&rsquo;est tr\u00e8s fortement faite ressentir pour certains. C&rsquo;est la raison pour laquelle nous avons essay\u00e9 d&rsquo;\u00e9gayer la vie de nos a\u00een\u00e9s en organisant une tourn\u00e9e des homes du tournaisis. Ces moments de partages nous tiennent \u00e0 c\u0153ur et nous voulons continuer cette belle&hellip; <br \/> <a class=\"read-more\" href=\"https:\/\/cabaretwallon.be\/index.php\/devenir-membre\/les-visites-des-homes\/\">Read more<\/a><\/p>\n","protected":false},"author":1,"featured_media":0,"parent":94,"menu_order":0,"comment_status":"closed","ping_status":"closed","template":"","meta":{"_bbp_topic_count":0,"_bbp_reply_count":0,"_bbp_total_topic_count":0,"_bbp_total_reply_count":0,"_bbp_voice_count":0,"_bbp_anonymous_reply_count":0,"_bbp_topic_count_hidden":0,"_bbp_reply_count_hidden":0,"_bbp_forum_subforum_count":0,"footnotes":""},"class_list":["post-443","page","type-page","status-publish","hentry"],"_links":{"self":[{"href":"https:\/\/cabaretwallon.be\/index.php\/wp-json\/wp\/v2\/pages\/443","targetHints":{"allow":["GET"]}}],"collection":[{"href":"https:\/\/cabaretwallon.be\/index.php\/wp-json\/wp\/v2\/pages"}],"about":[{"href":"https:\/\/cabaretwallon.be\/index.php\/wp-json\/wp\/v2\/types\/page"}],"author":[{"embeddable":true,"href":"https:\/\/cabaretwallon.be\/index.php\/wp-json\/wp\/v2\/users\/1"}],"replies":[{"embeddable":true,"href":"https:\/\/cabaretwallon.be\/index.php\/wp-json\/wp\/v2\/comments?post=443"}],"version-history":[{"count":11,"href":"https:\/\/cabaretwallon.be\/index.php\/wp-json\/wp\/v2\/pages\/443\/revisions"}],"predecessor-version":[{"id":524,"href":"https:\/\/cabaretwallon.be\/index.php\/wp-json\/wp\/v2\/pages\/443\/revisions\/524"}],"up":[{"embeddable":true,"href":"https:\/\/cabaretwallon.be\/index.php\/wp-json\/wp\/v2\/pages\/94"}],"wp:attachment":[{"href":"https:\/\/cabaretwallon.be\/index.php\/wp-json\/wp\/v2\/media?parent=443"}],"curies":[{"name":"wp","href":"https:\/\/api.w.org\/{rel}","templated":true}]}}