{"id":796,"date":"2023-02-22T22:33:48","date_gmt":"2023-02-22T21:33:48","guid":{"rendered":"http:\/\/cabaretwallon.be\/?page_id=796"},"modified":"2025-06-30T19:10:05","modified_gmt":"2025-06-30T17:10:05","slug":"contact","status":"publish","type":"page","link":"https:\/\/cabaretwallon.be\/index.php\/contact\/","title":{"rendered":"Contact"},"content":{"rendered":"<p style=\"text-align: center;\">N&rsquo;h\u00e9sitez pas \u00e0 nous contacter par mail<\/p>\n<p style=\"text-align: center;\"><strong>cabaret.wallon@gmail.com<\/strong><\/p>\n<p style=\"text-align: center;\">ou par t\u00e9l\u00e9phone (pour les r\u00e9servations de la Revue)\u00a0 au 0472\/138225<\/p>\n<p>&nbsp;<\/p>\n","protected":false},"excerpt":{"rendered":"<p>N&rsquo;h\u00e9sitez pas \u00e0 nous contacter par mail cabaret.wallon@gmail.com ou par t\u00e9l\u00e9phone (pour les r\u00e9servations de la Revue)\u00a0 au 0472\/138225 &nbsp;<\/p>\n","protected":false},"author":1,"featured_media":0,"parent":0,"menu_order":0,"comment_status":"closed","ping_status":"closed","template":"","meta":{"_bbp_topic_count":0,"_bbp_reply_count":0,"_bbp_total_topic_count":0,"_bbp_total_reply_count":0,"_bbp_voice_count":0,"_bbp_anonymous_reply_count":0,"_bbp_topic_count_hidden":0,"_bbp_reply_count_hidden":0,"_bbp_forum_subforum_count":0,"footnotes":""},"class_list":["post-796","page","type-page","status-publish","hentry"],"_links":{"self":[{"href":"https:\/\/cabaretwallon.be\/index.php\/wp-json\/wp\/v2\/pages\/796","targetHints":{"allow":["GET"]}}],"collection":[{"href":"https:\/\/cabaretwallon.be\/index.php\/wp-json\/wp\/v2\/pages"}],"about":[{"href":"https:\/\/cabaretwallon.be\/index.php\/wp-json\/wp\/v2\/types\/page"}],"author":[{"embeddable":true,"href":"https:\/\/cabaretwallon.be\/index.php\/wp-json\/wp\/v2\/users\/1"}],"replies":[{"embeddable":true,"href":"https:\/\/cabaretwallon.be\/index.php\/wp-json\/wp\/v2\/comments?post=796"}],"version-history":[{"count":13,"href":"https:\/\/cabaretwallon.be\/index.php\/wp-json\/wp\/v2\/pages\/796\/revisions"}],"predecessor-version":[{"id":1166,"href":"https:\/\/cabaretwallon.be\/index.php\/wp-json\/wp\/v2\/pages\/796\/revisions\/1166"}],"wp:attachment":[{"href":"https:\/\/cabaretwallon.be\/index.php\/wp-json\/wp\/v2\/media?parent=796"}],"curies":[{"name":"wp","href":"https:\/\/api.w.org\/{rel}","templated":true}]}}