{"id":820,"date":"2023-03-17T12:16:00","date_gmt":"2023-03-17T11:16:00","guid":{"rendered":"https:\/\/cabaretwallon.be\/?page_id=820"},"modified":"2026-03-07T18:53:48","modified_gmt":"2026-03-07T17:53:48","slug":"assister-aux-spectacles","status":"publish","type":"page","link":"https:\/\/cabaretwallon.be\/index.php\/assister-aux-spectacles\/","title":{"rendered":"Assister aux spectacles"},"content":{"rendered":"\t\t<div data-elementor-type=\"wp-page\" data-elementor-id=\"820\" class=\"elementor elementor-820\">\n\t\t\t\t\t\t<section class=\"elementor-section elementor-top-section elementor-element elementor-element-4978a679 elementor-section-boxed elementor-section-height-default elementor-section-height-default\" data-id=\"4978a679\" data-element_type=\"section\" data-e-type=\"section\">\n\t\t\t\t\t\t<div class=\"elementor-container elementor-column-gap-default\">\n\t\t\t\t\t<div class=\"elementor-column elementor-col-100 elementor-top-column elementor-element elementor-element-30ad9eff\" data-id=\"30ad9eff\" data-element_type=\"column\" data-e-type=\"column\">\n\t\t\t<div class=\"elementor-widget-wrap elementor-element-populated\">\n\t\t\t\t\t\t<div class=\"elementor-element elementor-element-4c2ad23c elementor-widget elementor-widget-text-editor\" data-id=\"4c2ad23c\" data-element_type=\"widget\" data-e-type=\"widget\" data-widget_type=\"text-editor.default\">\n\t\t\t\t<div class=\"elementor-widget-container\">\n\t\t\t\t\t\t\t\t\t<p style=\"text-align: left;\">Deux solutions s&rsquo;offrent \u00e0 vous : soit vous vous faites membre, soit vous payez l&rsquo;entr\u00e9e le jour du spectacle (14 \u20ac).<\/p><p style=\"text-align: left;\">Vous n&rsquo;\u00eates pas encore membre ? Pour le devenir, c&rsquo;est tr\u00e8s simple!<br \/>Vous n&rsquo;\u00eates pas encore en ordre de cotisations 2026 :<\/p><ul><li style=\"text-align: left;\">Membre sympathisant : 30 \u20ac<\/li><li style=\"text-align: left;\">Membre d&rsquo;honneur : 40 \u20ac<br \/>A verser sur le compte de l&rsquo;asbl RCCWT : BE63 1262 1064 8708\u00a0\u00a0avec, en communication, votre nom et votre pr\u00e9nom.<br \/>La cotisation donne droit \u00e0 une place gratuite pour chaque Petit Cabaret (janvier et mars) et pour la Revue d&rsquo;automne.<\/li><\/ul>\t\t\t\t\t\t\t\t<\/div>\n\t\t\t\t<\/div>\n\t\t\t\t\t<\/div>\n\t\t<\/div>\n\t\t\t\t\t<\/div>\n\t\t<\/section>\n\t\t\t\t<\/div>\n\t\t","protected":false},"excerpt":{"rendered":"<p>Deux solutions s&rsquo;offrent \u00e0 vous : soit vous vous faites membre, soit vous payez l&rsquo;entr\u00e9e le jour du spectacle (14 \u20ac). Vous n&rsquo;\u00eates pas encore membre ? Pour le devenir, c&rsquo;est tr\u00e8s simple!Vous n&rsquo;\u00eates pas encore en ordre de cotisations 2026 : Membre sympathisant : 30 \u20ac Membre d&rsquo;honneur : 40 \u20acA verser sur le&hellip; <br \/> <a class=\"read-more\" href=\"https:\/\/cabaretwallon.be\/index.php\/assister-aux-spectacles\/\">Read more<\/a><\/p>\n","protected":false},"author":1,"featured_media":0,"parent":0,"menu_order":0,"comment_status":"closed","ping_status":"closed","template":"","meta":{"_bbp_topic_count":0,"_bbp_reply_count":0,"_bbp_total_topic_count":0,"_bbp_total_reply_count":0,"_bbp_voice_count":0,"_bbp_anonymous_reply_count":0,"_bbp_topic_count_hidden":0,"_bbp_reply_count_hidden":0,"_bbp_forum_subforum_count":0,"footnotes":""},"class_list":["post-820","page","type-page","status-publish","hentry"],"_links":{"self":[{"href":"https:\/\/cabaretwallon.be\/index.php\/wp-json\/wp\/v2\/pages\/820","targetHints":{"allow":["GET"]}}],"collection":[{"href":"https:\/\/cabaretwallon.be\/index.php\/wp-json\/wp\/v2\/pages"}],"about":[{"href":"https:\/\/cabaretwallon.be\/index.php\/wp-json\/wp\/v2\/types\/page"}],"author":[{"embeddable":true,"href":"https:\/\/cabaretwallon.be\/index.php\/wp-json\/wp\/v2\/users\/1"}],"replies":[{"embeddable":true,"href":"https:\/\/cabaretwallon.be\/index.php\/wp-json\/wp\/v2\/comments?post=820"}],"version-history":[{"count":17,"href":"https:\/\/cabaretwallon.be\/index.php\/wp-json\/wp\/v2\/pages\/820\/revisions"}],"predecessor-version":[{"id":1237,"href":"https:\/\/cabaretwallon.be\/index.php\/wp-json\/wp\/v2\/pages\/820\/revisions\/1237"}],"wp:attachment":[{"href":"https:\/\/cabaretwallon.be\/index.php\/wp-json\/wp\/v2\/media?parent=820"}],"curies":[{"name":"wp","href":"https:\/\/api.w.org\/{rel}","templated":true}]}}