{"id":92,"date":"2022-01-25T21:17:38","date_gmt":"2022-01-25T20:17:38","guid":{"rendered":"https:\/\/cabaretwallon.be\/?page_id=92"},"modified":"2026-03-15T22:00:17","modified_gmt":"2026-03-15T21:00:17","slug":"representation-et-spectacle","status":"publish","type":"page","link":"https:\/\/cabaretwallon.be\/index.php\/representation-et-spectacle\/","title":{"rendered":"Spectacles"},"content":{"rendered":"\t\t<div data-elementor-type=\"wp-page\" data-elementor-id=\"92\" class=\"elementor elementor-92\">\n\t\t\t\t\t\t<section class=\"elementor-section elementor-top-section elementor-element elementor-element-2e12f7e elementor-section-boxed elementor-section-height-default elementor-section-height-default\" data-id=\"2e12f7e\" data-element_type=\"section\" data-e-type=\"section\">\n\t\t\t\t\t\t<div class=\"elementor-container elementor-column-gap-default\">\n\t\t\t\t\t<div class=\"elementor-column elementor-col-100 elementor-top-column elementor-element elementor-element-dfbe9c1\" data-id=\"dfbe9c1\" data-element_type=\"column\" data-e-type=\"column\">\n\t\t\t<div class=\"elementor-widget-wrap\">\n\t\t\t\t\t\t\t<\/div>\n\t\t<\/div>\n\t\t\t\t\t<\/div>\n\t\t<\/section>\n\t\t\t\t<section class=\"elementor-section elementor-top-section elementor-element elementor-element-f69d8fe elementor-section-boxed elementor-section-height-default elementor-section-height-default\" data-id=\"f69d8fe\" data-element_type=\"section\" data-e-type=\"section\">\n\t\t\t\t\t\t<div class=\"elementor-container elementor-column-gap-default\">\n\t\t\t\t\t<div class=\"elementor-column elementor-col-100 elementor-top-column elementor-element elementor-element-e3f9cfc\" data-id=\"e3f9cfc\" data-element_type=\"column\" data-e-type=\"column\">\n\t\t\t<div class=\"elementor-widget-wrap\">\n\t\t\t\t\t\t\t<\/div>\n\t\t<\/div>\n\t\t\t\t\t<\/div>\n\t\t<\/section>\n\t\t\t\t<section class=\"elementor-section elementor-top-section elementor-element elementor-element-9371d9f elementor-section-boxed elementor-section-height-default elementor-section-height-default\" data-id=\"9371d9f\" data-element_type=\"section\" data-e-type=\"section\">\n\t\t\t\t\t\t<div class=\"elementor-container elementor-column-gap-default\">\n\t\t\t\t\t<div class=\"elementor-column elementor-col-100 elementor-top-column elementor-element elementor-element-a4e0582\" data-id=\"a4e0582\" data-element_type=\"column\" data-e-type=\"column\">\n\t\t\t<div class=\"elementor-widget-wrap elementor-element-populated\">\n\t\t\t\t\t\t<div class=\"elementor-element elementor-element-1382a49 elementor-widget elementor-widget-heading\" data-id=\"1382a49\" data-element_type=\"widget\" data-e-type=\"widget\" data-widget_type=\"heading.default\">\n\t\t\t\t<div class=\"elementor-widget-container\">\n\t\t\t\t\t<h2 class=\"elementor-heading-title elementor-size-default\">Amis du Cabaret, c'est pour bient\u00f4t !<\/h2>\t\t\t\t<\/div>\n\t\t\t\t<\/div>\n\t\t\t\t\t<\/div>\n\t\t<\/div>\n\t\t\t\t\t<\/div>\n\t\t<\/section>\n\t\t\t\t<section class=\"elementor-section elementor-top-section elementor-element elementor-element-afec8ad elementor-section-boxed elementor-section-height-default elementor-section-height-default\" data-id=\"afec8ad\" data-element_type=\"section\" data-e-type=\"section\">\n\t\t\t\t\t\t<div class=\"elementor-container elementor-column-gap-default\">\n\t\t\t\t\t<div class=\"elementor-column elementor-col-100 elementor-top-column elementor-element elementor-element-95c3655\" data-id=\"95c3655\" data-element_type=\"column\" data-e-type=\"column\">\n\t\t\t<div class=\"elementor-widget-wrap elementor-element-populated\">\n\t\t\t\t\t\t<div class=\"elementor-element elementor-element-ee644d9 elementor-widget elementor-widget-image\" data-id=\"ee644d9\" data-element_type=\"widget\" data-e-type=\"widget\" data-widget_type=\"image.default\">\n\t\t\t\t<div class=\"elementor-widget-container\">\n\t\t\t\t\t\t\t\t\t\t\t\t\t\t\t<img fetchpriority=\"high\" decoding=\"async\" width=\"715\" height=\"1024\" src=\"https:\/\/cabaretwallon.be\/wp-content\/uploads\/2026\/02\/Affiche-mars-2026-715x1024.jpg\" class=\"attachment-large size-large wp-image-1225\" alt=\"\" srcset=\"https:\/\/cabaretwallon.be\/wp-content\/uploads\/2026\/02\/Affiche-mars-2026-715x1024.jpg 715w, https:\/\/cabaretwallon.be\/wp-content\/uploads\/2026\/02\/Affiche-mars-2026-209x300.jpg 209w, https:\/\/cabaretwallon.be\/wp-content\/uploads\/2026\/02\/Affiche-mars-2026-768x1100.jpg 768w, https:\/\/cabaretwallon.be\/wp-content\/uploads\/2026\/02\/Affiche-mars-2026-1072x1536.jpg 1072w, https:\/\/cabaretwallon.be\/wp-content\/uploads\/2026\/02\/Affiche-mars-2026-1430x2048.jpg 1430w, https:\/\/cabaretwallon.be\/wp-content\/uploads\/2026\/02\/Affiche-mars-2026-1024x1467.jpg 1024w, https:\/\/cabaretwallon.be\/wp-content\/uploads\/2026\/02\/Affiche-mars-2026-754x1080.jpg 754w, https:\/\/cabaretwallon.be\/wp-content\/uploads\/2026\/02\/Affiche-mars-2026.jpg 1582w\" sizes=\"(max-width: 715px) 100vw, 715px\" \/>\t\t\t\t\t\t\t\t\t\t\t\t\t\t\t<\/div>\n\t\t\t\t<\/div>\n\t\t\t\t\t<\/div>\n\t\t<\/div>\n\t\t\t\t\t<\/div>\n\t\t<\/section>\n\t\t\t\t<section class=\"elementor-section elementor-top-section elementor-element elementor-element-7e178d8 elementor-section-boxed elementor-section-height-default elementor-section-height-default\" data-id=\"7e178d8\" data-element_type=\"section\" data-e-type=\"section\">\n\t\t\t\t\t\t<div class=\"elementor-container elementor-column-gap-default\">\n\t\t\t\t\t<div class=\"elementor-column elementor-col-100 elementor-top-column elementor-element elementor-element-29d2817\" data-id=\"29d2817\" data-element_type=\"column\" data-e-type=\"column\">\n\t\t\t<div class=\"elementor-widget-wrap elementor-element-populated\">\n\t\t\t\t\t\t<div class=\"elementor-element elementor-element-1412203 elementor-widget elementor-widget-heading\" data-id=\"1412203\" data-element_type=\"widget\" data-e-type=\"widget\" data-widget_type=\"heading.default\">\n\t\t\t\t<div class=\"elementor-widget-container\">\n\t\t\t\t\t<h2 class=\"elementor-heading-title elementor-size-default\"><u><b>Agenda de la Compagnie<\/b><\/u>\n<br>Jeudi 9 avril (20h30): Le Cabaret se d\u00e9place <br>\u00e0 Louvain-la-Neuve<br><br>Mercredi 13 mai (14h30) : prestation \u00e0 la Verte-Feuille<br><br>Dimanche 20 septembre (10h) : F\u00eate de la Chanson Wallonne<br><br><b><u>Grands cabarets en la salle du Forum <\/u><\/b><br>(Rue Blandinoise \u00e0 Tournai)<br><br>Samedi 17 octobre \u00e0 20 h<br>Dimanche 18 octobre \u00e0 16 h<br>Vendredi 23 octobre \u00e0 20 h<br>Samedi 24 octobre \u00e0 20 h<br>Dimanche 25 octobre \u00e0 16h<\/h2>\t\t\t\t<\/div>\n\t\t\t\t<\/div>\n\t\t\t\t\t<\/div>\n\t\t<\/div>\n\t\t\t\t\t<\/div>\n\t\t<\/section>\n\t\t\t\t<\/div>\n\t\t","protected":false},"excerpt":{"rendered":"<p>Amis du Cabaret, c&rsquo;est pour bient\u00f4t ! Agenda de la Compagnie Jeudi 9 avril (20h30): Le Cabaret se d\u00e9place \u00e0 Louvain-la-Neuve Mercredi 13 mai (14h30) : prestation \u00e0 la Verte-Feuille Dimanche 20 septembre (10h) : F\u00eate de la Chanson Wallonne Grands cabarets en la salle du Forum (Rue Blandinoise \u00e0 Tournai) Samedi 17 octobre \u00e0&hellip; <br \/> <a class=\"read-more\" href=\"https:\/\/cabaretwallon.be\/index.php\/representation-et-spectacle\/\">Read more<\/a><\/p>\n","protected":false},"author":1,"featured_media":0,"parent":0,"menu_order":0,"comment_status":"closed","ping_status":"closed","template":"","meta":{"_bbp_topic_count":0,"_bbp_reply_count":0,"_bbp_total_topic_count":0,"_bbp_total_reply_count":0,"_bbp_voice_count":0,"_bbp_anonymous_reply_count":0,"_bbp_topic_count_hidden":0,"_bbp_reply_count_hidden":0,"_bbp_forum_subforum_count":0,"footnotes":""},"class_list":["post-92","page","type-page","status-publish","hentry"],"_links":{"self":[{"href":"https:\/\/cabaretwallon.be\/index.php\/wp-json\/wp\/v2\/pages\/92","targetHints":{"allow":["GET"]}}],"collection":[{"href":"https:\/\/cabaretwallon.be\/index.php\/wp-json\/wp\/v2\/pages"}],"about":[{"href":"https:\/\/cabaretwallon.be\/index.php\/wp-json\/wp\/v2\/types\/page"}],"author":[{"embeddable":true,"href":"https:\/\/cabaretwallon.be\/index.php\/wp-json\/wp\/v2\/users\/1"}],"replies":[{"embeddable":true,"href":"https:\/\/cabaretwallon.be\/index.php\/wp-json\/wp\/v2\/comments?post=92"}],"version-history":[{"count":102,"href":"https:\/\/cabaretwallon.be\/index.php\/wp-json\/wp\/v2\/pages\/92\/revisions"}],"predecessor-version":[{"id":1248,"href":"https:\/\/cabaretwallon.be\/index.php\/wp-json\/wp\/v2\/pages\/92\/revisions\/1248"}],"wp:attachment":[{"href":"https:\/\/cabaretwallon.be\/index.php\/wp-json\/wp\/v2\/media?parent=92"}],"curies":[{"name":"wp","href":"https:\/\/api.w.org\/{rel}","templated":true}]}}